{"id":3,"date":"2022-11-14T09:49:16","date_gmt":"2022-11-14T08:49:16","guid":{"rendered":"https:\/\/www.archiviofotoelioconti.it\/?page_id=3"},"modified":"2023-02-17T12:42:06","modified_gmt":"2023-02-17T11:42:06","slug":"privacy-policy","status":"publish","type":"page","link":"https:\/\/www.archiviofotoelioconti.it\/en\/privacy-policy\/","title":{"rendered":"Privacy Policy"},"content":{"rendered":"<p>In questa pagina si descrivono le modalit\u00e0 e le logiche del trattamento dei dati personali degli utenti del sito www.archiviofotoelioconti.it (di seguito, il \u201cSito\u201d).<\/p>\n\n\n\n<p>L\u2019informativa \u00e8 resa \u2013 ai sensi dell\u2019art. 13 del Regolamento UE n. 2016\/679 \u2013 a tutti gli utenti del Sito.<\/p>\n\n\n\n<p>La validit\u00e0 dell\u2019informativa contenuta nella presente pagina non si estende ad altri siti web eventualmente consultabili mediante collegamento ipertestuale.<\/p>\n\n\n\n<p>Il Titolare del trattamento \u00e8 Associazione Studi Storici &#8220;Elio Conti&#8221; via de&#8217; Ginori, 7 50123 Firenze.<\/p>\n\n\n\n<p>Gli utenti, utilizzando il presente Sito, accettano la presente informativa e sono, pertanto, invitati a prenderne visione prima di fornire informazioni personali di qualsiasi genere.<\/p>\n\n\n\n<h3 class=\"wp-block-heading\">Dati oggetto di trattamento<\/h3>\n\n\n\n<ul>\n<li><em><strong>Dati di navigazione<\/strong><\/em><br>I sistemi informatici e le procedure software preposte al funzionamento del sito web acquisiscono alcuni dati personali la cui trasmissione \u00e8 implicita nell\u2019uso dei protocolli di comunicazione di Internet (a titolo meramente esemplificativo, indirizzo IP o i nomi a dominio dei dispositivi attraverso cui gli utenti si connettono al Sito, gli indirizzi di notazione URI (Uniform Resources Identifier) delle risorse richieste, i Log di sistema, id o identificatore univoco del dispositivo, tipo di dispositivo).<br>Si tratta di informazioni che non sono raccolte per essere associate a interessati identificati.<br>Questi dati vengono utilizzati al solo fine di ricavare informazioni statistiche anonime sull\u2019uso del Sito e per controllarne il corretto funzionamento e vengono cancellati immediatamente dopo l\u2019elaborazione. I dati potrebbero essere utilizzati per l\u2019accertamento di responsabilit\u00e0 in caso di ipotetici reati informatici ai danni del Sito: salva questa eventualit\u00e0, allo stato i dati sui contatti web non persistono per pi\u00f9 di sette giorni.<\/li>\n\n\n\n<li><strong><em>Dati forniti volontariamente dall\u2019utente<\/em><\/strong><br>Attraverso il Sito \u00e8 possibile inviare richieste e comunicazioni all&#8217;Associazione attraverso gli indirizzi di contatto ivi indicati. Il conferimento di tali dati \u00e8 obbligatorio, necessario per rispondere alle richieste inviate nonch\u00e9 per ricontattare il mittente per ottenere precisazioni in ordine a quanto segnalato.<\/li>\n<\/ul>\n\n\n\n<h3 class=\"wp-block-heading\">Finalit\u00e0 e base giuridica<\/h3>\n\n\n\n<p>I trattamenti di dati personali sono effettuati dal Titolare del trattamento per le seguenti finalit\u00e0:<\/p>\n\n\n\n<ul>\n<li>Riscontrare le richieste di informazioni e di assistenza dell\u2019utente. Il trattamento \u00e8 funzionale ad adempiere a una richiesta dell\u2019utente e si basa sull\u2019esecuzione di un contratto o di misure precontrattuali.<\/li>\n\n\n\n<li>Inviare la newsletter. Le comunicazioni possono comprendere inviti ad eventi, segnalazioni di news da parte dell&#8217;associazione. Il trattamento si basa sul consenso dell\u2019interessato.<\/li>\n\n\n\n<li>Assicurare il corretto funzionamento delle pagine web e dei loro contenuti.<\/li>\n\n\n\n<li>In questo caso, il trattamento dei dati si basa sul legittimo interesse del Titolare.<\/li>\n<\/ul>\n\n\n\n<h3 class=\"wp-block-heading\">Tempi di conservazione<\/h3>\n\n\n\n<p>Il Titolare adotta le seguenti politiche in materia di conservazione dei dati degli utenti del Sito:<\/p>\n\n\n\n<ul>\n<li>I dati forniti nei form di contatto o nelle mail inviate agli indirizzi pubblicati sul Sito verranno conservati unicamente per il tempo necessario a rispondere alle richieste pervenute.<\/li>\n\n\n\n<li>I dati forniti per la ricezione della newsletter verranno trattati fino a quando l\u2019interessato non revochi il consenso. La revoca del consenso sar\u00e0 immediatamente registrata dal titolare ma non si applicher\u00e0 alle campagne gi\u00e0 pianificate prima della ricezione della richiesta.<\/li>\n\n\n\n<li>I dati di navigazione verranno cancellati dopo 7 giorni.<\/li>\n<\/ul>\n\n\n\n<h3 class=\"wp-block-heading\">Diritti degli interessati<\/h3>\n\n\n\n<p>L\u2019utente, in ogni momento, pu\u00f2 esercitare i diritti di cui agli artt. 15 e ss. del Regolamento (UE) 2016\/679 inviando un\u2019email all\u2019indirizzo info@archiviofotoelioconti.it oppure inviando una raccomandata a\/r presso l\u2019indirizzo del Titolare. Ha, altres\u00ec, il diritto di proporre reclamo al Garante quale autorit\u00e0 di controllo, qualora ritenga che il trattamento dei propri dati personali avvenga in violazione di quanto previsto dalla normativa vigente.<\/p>\n\n\n\n<h3 class=\"wp-block-heading\">Aggiornamenti<\/h3>\n\n\n\n<p>La presente informativa \u00e8 valida dal 17 febbraio 2022 ed \u00e8 soggetta ad aggiornamenti; gli Utenti sono pertanto invitati a verificarne periodicamente il contenuto.<\/p>","protected":false},"excerpt":{"rendered":"<p>In questa pagina si descrivono le modalit\u00e0 e le logiche del trattamento dei dati personali degli utenti del sito www.archiviofotoelioconti.it (di seguito, il \u201cSito\u201d). L\u2019informativa \u00e8 resa \u2013 ai sensi dell\u2019art. 13 del Regolamento UE n. 2016\/679 \u2013 a tutti gli utenti del Sito. La validit\u00e0 dell\u2019informativa contenuta nella presente pagina non si estende ad&#8230;<\/p>","protected":false},"author":1,"featured_media":0,"parent":0,"menu_order":0,"comment_status":"closed","ping_status":"open","template":"","meta":{"_seopress_robots_primary_cat":"","_seopress_titles_title":"","_seopress_titles_desc":"","_seopress_robots_index":"","footnotes":""},"_links":{"self":[{"href":"https:\/\/www.archiviofotoelioconti.it\/en\/wp-json\/wp\/v2\/pages\/3"}],"collection":[{"href":"https:\/\/www.archiviofotoelioconti.it\/en\/wp-json\/wp\/v2\/pages"}],"about":[{"href":"https:\/\/www.archiviofotoelioconti.it\/en\/wp-json\/wp\/v2\/types\/page"}],"author":[{"embeddable":true,"href":"https:\/\/www.archiviofotoelioconti.it\/en\/wp-json\/wp\/v2\/users\/1"}],"replies":[{"embeddable":true,"href":"https:\/\/www.archiviofotoelioconti.it\/en\/wp-json\/wp\/v2\/comments?post=3"}],"version-history":[{"count":0,"href":"https:\/\/www.archiviofotoelioconti.it\/en\/wp-json\/wp\/v2\/pages\/3\/revisions"}],"wp:attachment":[{"href":"https:\/\/www.archiviofotoelioconti.it\/en\/wp-json\/wp\/v2\/media?parent=3"}],"curies":[{"name":"wp","href":"https:\/\/api.w.org\/{rel}","templated":true}]}}