{"id":3931,"date":"2023-02-14T16:39:51","date_gmt":"2023-02-14T15:39:51","guid":{"rendered":"https:\/\/www.archiviofotoelioconti.it\/?page_id=3931"},"modified":"2024-01-02T15:18:31","modified_gmt":"2024-01-02T14:18:31","slug":"come-effettuare-una-ricerca","status":"publish","type":"page","link":"https:\/\/www.archiviofotoelioconti.it\/en\/come-effettuare-una-ricerca\/","title":{"rendered":"How to search"},"content":{"rendered":"<p>La ricerca all\u2019interno dell\u2019archivio fotografico pu\u00f2 essere effettuata richiamando le <strong>Location<\/strong>, i <strong>Toponimi<\/strong>, gli <strong>Identificativi<\/strong> e l<strong>&#8216;Anno<\/strong> di ripresa<\/p>\n\n\n<div class=\"wp-block-image\">\n<figure class=\"alignright size-full\"><img loading=\"lazy\" decoding=\"async\" width=\"270\" height=\"589\" src=\"https:\/\/www.archiviofotoelioconti.it\/wp-content\/uploads\/2023\/02\/Screenshot-from-2023-02-18-08-47-18.png\" alt=\"\" class=\"wp-image-4592\" srcset=\"https:\/\/www.archiviofotoelioconti.it\/wp-content\/uploads\/2023\/02\/Screenshot-from-2023-02-18-08-47-18.png 270w, https:\/\/www.archiviofotoelioconti.it\/wp-content\/uploads\/2023\/02\/Screenshot-from-2023-02-18-08-47-18-138x300.png 138w, https:\/\/www.archiviofotoelioconti.it\/wp-content\/uploads\/2023\/02\/Screenshot-from-2023-02-18-08-47-18-205x447.png 205w\" sizes=\"(max-width: 270px) 100vw, 270px\" \/><\/figure><\/div>\n\n\n<p>&#8211; <strong>Location<\/strong> = termine che definisce una piccola area scelta da Elio Conti come zona di ricerca e che d\u00e0 il titolo ai diversi contenitori delle fotografie<br>&#8211; <strong>Toponimo<\/strong> = nome di un certo luogo o di un podere all&#8217;interno dell&#8217;area delimitata dalla Localit\u00e0<br>&#8211; <strong>Identificativo<\/strong> = soggetto o soggetti caratterizzanti una foto. Gli Identificativi, definiti anche seguendo le note marginali di Conti, sono 33: abitato \/ altro \/ annessi rurali \/ boscato \/ cartolina \/ casa colonica \/ casa padronale \/ cava \/ cimitero \/ cipressi in filare \/ coltura promiscua \/ corso d\u2019acqua \/ edificio abitativo \/ edificio in rovina \/ edificio religioso \/ forno \/ giardino \/ interno \/ mulino \/ panoramica \/ \/ ponte \/ prato \/ resti di interesse archeologico \/ sodo \/ specializzato \/ stemma \/ strada campestre \/ strumenti agricoli \/ struttura fortificata \/ terrazzamenti-ciglioni \/ terreno lavorativo \/ terreno olivato \/ terreno vitato<br>&#8211; <strong>Anno<\/strong> di ripresa = quello segnato da Conti sul retro delle foto<\/p>\n\n\n\n<p>RICERCA SEMPLICE<\/p>\n\n\n\n<p>La modalit\u00e0 di ricerca pi\u00f9 immediata \u00e8 quella di spuntare uno o pi\u00f9 termini nella barra dei <strong>Filtri<\/strong> collocata a sinistra nella pagina Collezione e nelle pagine delle Localit\u00e0. Verranno selezionate le foto contenenti tutti i termini spuntati, all\u2019interno dell\u2019intero archivio oppure all\u2019interno della pagina Localit\u00e0. <\/p>\n\n\n\n<p>Cliccando sulle caselle di spunta viene applicato il relativo filtro.<\/p>\n\n\n\n<p>Selezionando pi\u00f9 valori di uno stesso filtro, ad esempio Acone e Gaville, verranno mostrati i risultati relativi sia a Acone che a Gaville.<\/p>\n\n\n\n<p>Se si selezionano filtri diversi, ad esempio la Localita Acone e l&#8217;Identificazione boscato, verranno visualizzate solo foto di Acone contenenti il soggetto boscato e cos\u00ec via.<\/p>\n\n\n\n<p><\/p>\n\n\n\n<p><\/p>\n\n\n\n<p><\/p>\n\n\n\n<p><\/p>\n\n\n\n<p><\/p>\n\n\n\n<p><\/p>\n\n\n\n<p><\/p>\n\n\n\n<p><\/p>\n\n\n\n<p>RICERCA AVANZATA<\/p>\n\n\n\n<figure class=\"wp-block-image size-full\"><img loading=\"lazy\" decoding=\"async\" width=\"301\" height=\"81\" src=\"https:\/\/www.archiviofotoelioconti.it\/wp-content\/uploads\/2023\/02\/Screenshot-from-2023-02-18-08-54-27.png\" alt=\"\" class=\"wp-image-4594\" srcset=\"https:\/\/www.archiviofotoelioconti.it\/wp-content\/uploads\/2023\/02\/Screenshot-from-2023-02-18-08-54-27.png 301w, https:\/\/www.archiviofotoelioconti.it\/wp-content\/uploads\/2023\/02\/Screenshot-from-2023-02-18-08-54-27-205x55.png 205w\" sizes=\"(max-width: 301px) 100vw, 301px\" \/><\/figure>\n\n\n\n<p>In alternativa si pu\u00f2 effettuare una Ricerca avanzata utilizzando la maschera riportata in basso con i quattro campi richiamabili: in questo caso verranno selezionate le foto in cui compaiono tutti i termini indicati. <\/p>\n\n\n<div class=\"wp-block-image\">\n<figure class=\"alignright size-full\"><img loading=\"lazy\" decoding=\"async\" width=\"359\" height=\"373\" src=\"https:\/\/www.archiviofotoelioconti.it\/wp-content\/uploads\/2023\/02\/Screenshot-from-2023-02-18-08-56-37.png\" alt=\"\" class=\"wp-image-4595\" srcset=\"https:\/\/www.archiviofotoelioconti.it\/wp-content\/uploads\/2023\/02\/Screenshot-from-2023-02-18-08-56-37.png 359w, https:\/\/www.archiviofotoelioconti.it\/wp-content\/uploads\/2023\/02\/Screenshot-from-2023-02-18-08-56-37-289x300.png 289w, https:\/\/www.archiviofotoelioconti.it\/wp-content\/uploads\/2023\/02\/Screenshot-from-2023-02-18-08-56-37-205x213.png 205w, https:\/\/www.archiviofotoelioconti.it\/wp-content\/uploads\/2023\/02\/Screenshot-from-2023-02-18-08-56-37-300x312.png 300w\" sizes=\"(max-width: 359px) 100vw, 359px\" \/><\/figure><\/div>\n\n\n<p>Cliccando su &#8220;Ricerca avanzata&#8221; si apre il riquadro con la possibilit\u00e0 di aggiungere e configurare i propri criteri di ricerca. Per ciascun criterio bisogna innanzitutto selezionare il metadato su cui si vuole applicare il filtro.<\/p>\n\n\n\n<p>E&#8217; possibile aggiungere quanti criteri si desidera, tutti i criteri aggiunti dovranno necessariamente essere compilati e la ricerca sar\u00e0 effettuata tenendo conto di tutti, filtrando le foto di conseguenza.<\/p>\n\n\n\n<p>Ad esempio, se volessimo effettuare la seguente ricerca:<\/p>\n\n\n\n<blockquote class=\"wp-block-quote is-layout-flow wp-block-quote-is-layout-flow\">\n<p>Vorrei tutte le foto scattate nella localit\u00e0 Acone che contengano una strada campestre e un terreno olivato<\/p>\n<\/blockquote>\n\n\n\n<p>creer\u00f2 3 criteri come nell&#8217;immagine qui sotto:<\/p>\n\n\n\n<figure class=\"wp-block-image size-large\"><img loading=\"lazy\" decoding=\"async\" width=\"1024\" height=\"515\" src=\"https:\/\/www.archiviofotoelioconti.it\/wp-content\/uploads\/2023\/02\/Screenshot-from-2023-02-18-08-44-59-1024x515.png\" alt=\"\" class=\"wp-image-4596\" srcset=\"https:\/\/www.archiviofotoelioconti.it\/wp-content\/uploads\/2023\/02\/Screenshot-from-2023-02-18-08-44-59-1024x515.png 1024w, https:\/\/www.archiviofotoelioconti.it\/wp-content\/uploads\/2023\/02\/Screenshot-from-2023-02-18-08-44-59-300x151.png 300w, https:\/\/www.archiviofotoelioconti.it\/wp-content\/uploads\/2023\/02\/Screenshot-from-2023-02-18-08-44-59-768x386.png 768w, https:\/\/www.archiviofotoelioconti.it\/wp-content\/uploads\/2023\/02\/Screenshot-from-2023-02-18-08-44-59-205x103.png 205w, https:\/\/www.archiviofotoelioconti.it\/wp-content\/uploads\/2023\/02\/Screenshot-from-2023-02-18-08-44-59-480x241.png 480w, https:\/\/www.archiviofotoelioconti.it\/wp-content\/uploads\/2023\/02\/Screenshot-from-2023-02-18-08-44-59-850x427.png 850w, https:\/\/www.archiviofotoelioconti.it\/wp-content\/uploads\/2023\/02\/Screenshot-from-2023-02-18-08-44-59.png 1208w\" sizes=\"(max-width: 1024px) 100vw, 1024px\" \/><\/figure>\n\n\n\n<p>E&#8217; possibile effettuare la ricerca avanzata con un numero arbitrario di criteri, ma tutti dovranno essere compilati e soddisfatti nella ricerca. Quindi in caso di nessun risultato conviene allargare la ricerca riducendo i criteri.<\/p>","protected":false},"excerpt":{"rendered":"<p>La ricerca all\u2019interno dell\u2019archivio fotografico pu\u00f2 essere effettuata richiamando le Localit\u00e0, i Toponimi, gli Identificativi e l&#8216;Anno di ripresa &#8211; Localit\u00e0 = termine che definisce una piccola area scelta da Elio Conti come zona di ricerca e che d\u00e0 il titolo ai diversi contenitori delle fotografie&#8211; Toponimo = nome di un certo luogo o di&#8230;<\/p>","protected":false},"author":1,"featured_media":0,"parent":0,"menu_order":0,"comment_status":"closed","ping_status":"closed","template":"page-nosidebar.php","meta":{"_seopress_robots_primary_cat":"","_seopress_titles_title":"","_seopress_titles_desc":"","_seopress_robots_index":"","footnotes":""},"_links":{"self":[{"href":"https:\/\/www.archiviofotoelioconti.it\/en\/wp-json\/wp\/v2\/pages\/3931"}],"collection":[{"href":"https:\/\/www.archiviofotoelioconti.it\/en\/wp-json\/wp\/v2\/pages"}],"about":[{"href":"https:\/\/www.archiviofotoelioconti.it\/en\/wp-json\/wp\/v2\/types\/page"}],"author":[{"embeddable":true,"href":"https:\/\/www.archiviofotoelioconti.it\/en\/wp-json\/wp\/v2\/users\/1"}],"replies":[{"embeddable":true,"href":"https:\/\/www.archiviofotoelioconti.it\/en\/wp-json\/wp\/v2\/comments?post=3931"}],"version-history":[{"count":3,"href":"https:\/\/www.archiviofotoelioconti.it\/en\/wp-json\/wp\/v2\/pages\/3931\/revisions"}],"predecessor-version":[{"id":145374,"href":"https:\/\/www.archiviofotoelioconti.it\/en\/wp-json\/wp\/v2\/pages\/3931\/revisions\/145374"}],"wp:attachment":[{"href":"https:\/\/www.archiviofotoelioconti.it\/en\/wp-json\/wp\/v2\/media?parent=3931"}],"curies":[{"name":"wp","href":"https:\/\/api.w.org\/{rel}","templated":true}]}}